{"id":3999,"date":"2020-10-13T04:01:47","date_gmt":"2020-10-13T04:01:47","guid":{"rendered":"http:\/\/ninzio.com\/quper\/?page_id=3999"},"modified":"2023-04-23T23:18:35","modified_gmt":"2023-04-23T23:18:35","slug":"about-us","status":"publish","type":"page","link":"https:\/\/theconcretecompany.ca\/fr\/about-us\/","title":{"rendered":"\u00c0 propos"},"content":{"rendered":"<div data-elementor-type=\"wp-page\" data-elementor-id=\"3999\" class=\"elementor elementor-3999\">\n\t\t\t\t\t\t<section class=\"elementor-section elementor-top-section elementor-element elementor-element-45aedb5 elementor-section-boxed elementor-section-height-default elementor-section-height-default\" data-id=\"45aedb5\" data-element_type=\"section\">\n\t\t\t\t\t\t<div class=\"elementor-container elementor-column-gap-default\">\n\t\t\t\t\t<div class=\"elementor-column elementor-col-100 elementor-top-column elementor-element elementor-element-16ece4b\" data-id=\"16ece4b\" data-element_type=\"column\">\n\t\t\t<div class=\"elementor-widget-wrap elementor-element-populated\">\n\t\t\t\t\t\t<div class=\"elementor-element elementor-element-c181b3b elementor-widget elementor-widget-spacer\" data-id=\"c181b3b\" data-element_type=\"widget\" data-widget_type=\"spacer.default\">\n\t\t\t\t<div class=\"elementor-widget-container\">\n\t\t\t\t\t\t\t<div class=\"elementor-spacer\">\n\t\t\t<div class=\"elementor-spacer-inner\"><\/div>\n\t\t<\/div>\n\t\t\t\t\t\t<\/div>\n\t\t\t\t<\/div>\n\t\t\t\t<div class=\"elementor-element elementor-element-41e038a align-center elementor-widget elementor-widget-mae-headings\" data-id=\"41e038a\" data-element_type=\"widget\" data-widget_type=\"mae-headings.default\">\n\t\t\t\t<div class=\"elementor-widget-container\">\n\t\t\t\t\t\t\t<div class=\"master-heading\">\n\t        \n\t        \t        <h2 class=\"main-heading\">Nous sommes la soci\u00e9t\u00e9 de b\u00e9ton! Les professionnels du b\u00e9ton pour tous vos travaux.<\/h2>\n\t        \n\t        \n\t        \t            <div class=\"sub-heading\">La soci\u00e9t\u00e9 de b\u00e9ton est fi\u00e8re de produire des travaux de qualit\u00e9. Nous sommes d\u2019avis qu'il est possible d'offrir un service exceptionnel et notre savoir-faire tout en int\u00e9grant une touche personnelle. Nous nous engageons \u00e0 fournir la meilleure exp\u00e9rience possible \u00e0 notre client\u00e8le. <br><br>\n\n\nQue ce soit pour l\u2019installation de dalle \u00e0 des fins r\u00e9sidentielles ou un projet commercial de grande envergure, les professionnels qualifi\u00e9s de la soci\u00e9t\u00e9 de b\u00e9ton accordent le m\u00eame soin et la m\u00eame attention aux d\u00e9tails \u00e0 tous les projets. La soci\u00e9t\u00e9 de b\u00e9ton est d\u00e9termin\u00e9e \u00e0 tisser des relations durables avec ses clients et les communaut\u00e9s gr\u00e2ce \u00e0 son int\u00e9grit\u00e9, \u00e0 sa franchise et \u00e0 son travail acharn\u00e9.\n<\/div>\n\t        \t    <\/div>\n\t    \t\t\t\t<\/div>\n\t\t\t\t<\/div>\n\t\t\t\t<div class=\"elementor-element elementor-element-9536111 elementor-widget elementor-widget-mae-parallax-image\" data-id=\"9536111\" data-element_type=\"widget\" data-widget_type=\"mae-parallax-image.default\">\n\t\t\t\t<div class=\"elementor-widget-container\">\n\t\t\t\t\t\t\t<div class=\"master-parallax-box\">\n\t\t\t<div class=\"parallax-wrap\">\n\t\t\t\t\t\t\t\t\t<div class=\"master-parallax-item elementor-repeater-item-b0e475f\" style=\"\" data-parallax='{\"x\" : 0, \"y\" : -60, \"smoothness\" : 30}' data-top=\"-15%\" data-top-tablet=\"\" data-top-mobile=\"\"><img decoding=\"async\" src=\"https:\/\/ninzio.com\/quper\/wp-content\/uploads\/2020\/10\/dots-02.png\" alt=\"\"><\/div>\t\t\t\t\t\t\t\t\t<div class=\"master-parallax-item elementor-repeater-item-c9adb7d\" style=\"\" data-parallax='{\"x\" : 0, \"y\" : 0, \"smoothness\" : 30}' data-top=\"-4px\" data-top-tablet=\"\" data-top-mobile=\"\"><img decoding=\"async\" src=\"https:\/\/theconcretecompany.ca\/wp-content\/uploads\/2023\/03\/michael-bader-eyq7H7gO0EY-unsplash-scaled.jpg\" alt=\"\"><\/div>\t\t\t\t\t\t\t<\/div>\n\t\t<\/div>\n\t    \t\t\t\t<\/div>\n\t\t\t\t<\/div>\n\t\t\t\t<div class=\"elementor-element elementor-element-278a892 elementor-widget elementor-widget-spacer\" data-id=\"278a892\" data-element_type=\"widget\" data-widget_type=\"spacer.default\">\n\t\t\t\t<div class=\"elementor-widget-container\">\n\t\t\t\t\t\t\t<div class=\"elementor-spacer\">\n\t\t\t<div class=\"elementor-spacer-inner\"><\/div>\n\t\t<\/div>\n\t\t\t\t\t\t<\/div>\n\t\t\t\t<\/div>\n\t\t\t\t\t<\/div>\n\t\t<\/div>\n\t\t\t\t\t<\/div>\n\t\t<\/section>\n\t\t\t\t<\/div>","protected":false},"excerpt":{"rendered":"<p>We&#8217;re THE Concrete Company! Concrete professionals for any job. The Concrete Company prides itself on delivering high-quality work. Founded on the belief that exceptional service and craftsmanship can be delivered with a personal touch, The Concrete Company is committed to providing its customers with the best possible experience. Whether it&#8217;s<\/p>","protected":false},"author":1,"featured_media":0,"parent":0,"menu_order":11,"comment_status":"closed","ping_status":"closed","template":"","meta":{"footnotes":""},"folder":[],"class_list":["post-3999","page","type-page","status-publish","hentry"],"aioseo_notices":[],"_links":{"self":[{"href":"https:\/\/theconcretecompany.ca\/fr\/wp-json\/wp\/v2\/pages\/3999","targetHints":{"allow":["GET"]}}],"collection":[{"href":"https:\/\/theconcretecompany.ca\/fr\/wp-json\/wp\/v2\/pages"}],"about":[{"href":"https:\/\/theconcretecompany.ca\/fr\/wp-json\/wp\/v2\/types\/page"}],"author":[{"embeddable":true,"href":"https:\/\/theconcretecompany.ca\/fr\/wp-json\/wp\/v2\/users\/1"}],"replies":[{"embeddable":true,"href":"https:\/\/theconcretecompany.ca\/fr\/wp-json\/wp\/v2\/comments?post=3999"}],"version-history":[{"count":10,"href":"https:\/\/theconcretecompany.ca\/fr\/wp-json\/wp\/v2\/pages\/3999\/revisions"}],"predecessor-version":[{"id":5091,"href":"https:\/\/theconcretecompany.ca\/fr\/wp-json\/wp\/v2\/pages\/3999\/revisions\/5091"}],"wp:attachment":[{"href":"https:\/\/theconcretecompany.ca\/fr\/wp-json\/wp\/v2\/media?parent=3999"}],"wp:term":[{"taxonomy":"folder","embeddable":true,"href":"https:\/\/theconcretecompany.ca\/fr\/wp-json\/wp\/v2\/folder?post=3999"}],"curies":[{"name":"wp","href":"https:\/\/api.w.org\/{rel}","templated":true}]}}