{"id":2338,"date":"2020-10-03T02:16:08","date_gmt":"2020-10-03T02:16:08","guid":{"rendered":"http:\/\/ninzio.com\/quper\/?page_id=2338"},"modified":"2025-04-01T12:46:21","modified_gmt":"2025-04-01T12:46:21","slug":"home-01","status":"publish","type":"page","link":"https:\/\/theconcretecompany.ca\/fr\/","title":{"rendered":"Accueil"},"content":{"rendered":"<div data-elementor-type=\"wp-page\" data-elementor-id=\"2338\" class=\"elementor elementor-2338\">\n\t\t\t\t\t\t<section class=\"elementor-section elementor-top-section elementor-element elementor-element-8c20bc9 elementor-section-boxed elementor-section-height-default elementor-section-height-default\" data-id=\"8c20bc9\" data-element_type=\"section\">\n\t\t\t\t\t\t<div class=\"elementor-container elementor-column-gap-default\">\n\t\t\t\t\t<div class=\"elementor-column elementor-col-100 elementor-top-column elementor-element elementor-element-23548de\" data-id=\"23548de\" data-element_type=\"column\">\n\t\t\t<div class=\"elementor-widget-wrap elementor-element-populated\">\n\t\t\t\t\t\t<div class=\"elementor-element elementor-element-34e50d3 elementor-widget elementor-widget-wp-widget-rev-slider-widget\" data-id=\"34e50d3\" data-element_type=\"widget\" data-widget_type=\"wp-widget-rev-slider-widget.default\">\n\t\t\t\t<div class=\"elementor-widget-container\">\n\t\t\t\t\t\n\t\t\t<!-- START Slider 05 REVOLUTION SLIDER 6.6.8 --><p class=\"rs-p-wp-fix\"><\/p>\n\t\t\t<rs-module-wrap id=\"rev_slider_15_1_wrapper\" data-source=\"gallery\" style=\"visibility:hidden;background:transparent;padding:0;margin:0px auto;margin-top:0;margin-bottom:0;\">\n\t\t\t\t<rs-module id=\"rev_slider_15_1\" style=\"\" data-version=\"6.6.8\">\n\t\t\t\t\t<rs-slides style=\"overflow: hidden; position: absolute;\">\n\t\t\t\t\t\t<rs-slide style=\"position: absolute;\" data-key=\"rs-15\" data-title=\"Slide\" data-in=\"o:0;\" data-out=\"a:false;\" data-mediafilter=\"reyes\">\n\t\t\t\t\t\t\t<img fetchpriority=\"high\" decoding=\"async\" src=\"\/\/theconcretecompany.ca\/wp-content\/plugins\/revslider\/public\/assets\/assets\/dummy.png\" alt=\"\" title=\"Screenshot 2025-11-24 at 9.07.20\u202fPM\" width=\"2560\" height=\"1531\" class=\"rev-slidebg tp-rs-img rs-lazyload\" data-lazyload=\"\/\/theconcretecompany.ca\/wp-content\/uploads\/2025\/11\/Screenshot-2025-11-24-at-9.07.20-PM-scaled.png\" data-bg=\"p:right center;\" data-no-retina>\n<!--\n\t\t\t\t\t\t\t--><rs-layer\n\t\t\t\t\t\t\t\tid=\"slider-15-slide-15-layer-1\" \n\t\t\t\t\t\t\t\tdata-type=\"text\"\n\t\t\t\t\t\t\t\tdata-color=\"#1e2228\"\n\t\t\t\t\t\t\t\tdata-rsp_ch=\"on\"\n\t\t\t\t\t\t\t\tdata-xy=\"xo:0,30px,22px,22px;yo:318px,227px,262px,252px;\"\n\t\t\t\t\t\t\t\tdata-text=\"w:normal;s:60,60,45,40;l:76,76,68,56;fw:700;\"\n\t\t\t\t\t\t\t\tdata-dim=\"w:650px,650px,493px,340px;\"\n\t\t\t\t\t\t\t\tdata-frame_0=\"y:50,43,32,19;\"\n\t\t\t\t\t\t\t\tdata-frame_1=\"st:300;sp:1000;\"\n\t\t\t\t\t\t\t\tdata-frame_999=\"o:0;st:w;\"\n\t\t\t\t\t\t\t\tstyle=\"z-index:9;font-family:'Montserrat';\"\n\t\t\t\t\t\t\t>La solution b\u00e9ton pour tous vos besoins en construction \n\t\t\t\t\t\t\t<\/rs-layer><!--\n\n\t\t\t\t\t\t\t--><rs-layer\n\t\t\t\t\t\t\t\tid=\"slider-15-slide-15-layer-2\" \n\t\t\t\t\t\t\t\tdata-type=\"text\"\n\t\t\t\t\t\t\t\tdata-color=\"#0c0b0c\"\n\t\t\t\t\t\t\t\tdata-xy=\"xo:-1px,0,22px,31px;yo:577px,504px,500px,505px;\"\n\t\t\t\t\t\t\t\tdata-text=\"w:normal;s:32,28,21,12;l:44,38,28,17;fw:500;\"\n\t\t\t\t\t\t\t\tdata-dim=\"w:570px,498px,378px,233px;\"\n\t\t\t\t\t\t\t\tdata-rsp_bd=\"off\"\n\t\t\t\t\t\t\t\tdata-frame_0=\"y:50,43,32,19;\"\n\t\t\t\t\t\t\t\tdata-frame_1=\"st:600;sp:1000;\"\n\t\t\t\t\t\t\t\tdata-frame_999=\"o:0;st:w;\"\n\t\t\t\t\t\t\t\tstyle=\"z-index:10;font-family:'Montserrat';\"\n\t\t\t\t\t\t\t>B\u00e2tir en toute confiance \n\t\t\t\t\t\t\t<\/rs-layer><!--\n\n\t\t\t\t\t\t\t--><a\n\t\t\t\t\t\t\t\tid=\"slider-15-slide-15-layer-3\" \n\t\t\t\t\t\t\t\tclass=\"rs-layer rev-btn icon-right rev-btn\"\n\t\t\t\t\t\t\t\thref=\"\/fr\/quote\/\" target=\"_self\" rel=\"nofollow\"\n\t\t\t\t\t\t\t\tdata-type=\"button\"\n\t\t\t\t\t\t\t\tdata-xy=\"xo:0,30px,22px,23px;yo:682px,597px,615px,579px;\"\n\t\t\t\t\t\t\t\tdata-text=\"w:normal;s:18;l:35,65,65,65;fw:600;\"\n\t\t\t\t\t\t\t\tdata-dim=\"minh:0px,none,none,none;\"\n\t\t\t\t\t\t\t\tdata-rsp_bd=\"off\"\n\t\t\t\t\t\t\t\tdata-padding=\"t:15,0,0,0;r:70,30,30,30;b:15,0,0,0;l:70,30,30,30;\"\n\t\t\t\t\t\t\t\tdata-border=\"bor:3px,3px,3px,3px;\"\n\t\t\t\t\t\t\t\tdata-frame_0=\"y:50,43,32,19;\"\n\t\t\t\t\t\t\t\tdata-frame_1=\"st:900;sp:1000;\"\n\t\t\t\t\t\t\t\tdata-frame_999=\"o:0;st:w;\"\n\t\t\t\t\t\t\t\tdata-frame_hover=\"bgc:#030f27;bor:3px,3px,3px,3px;sp:100;e:power1.inOut;bri:100%;\"\n\t\t\t\t\t\t\t\tstyle=\"z-index:11;background-color:#ca1619;font-family:'Montserrat';\"\n\t\t\t\t\t\t\t>Demander un devis \n\t\t\t\t\t\t\t<\/a><!--\n-->\t\t\t\t\t\t<\/rs-slide>\n\t\t\t\t\t<\/rs-slides>\n\t\t\t\t\t<rs-static-layers><!--\n\t\t\t\t\t--><\/rs-static-layers>\n\t\t\t\t<\/rs-module>\n\t\t\t\t<script>\n\t\t\t\t\tsetREVStartSize({c: 'rev_slider_15_1',rl:[1240,1024,778,480],el:[1080,700,800,820],gw:[1170,1024,778,480],gh:[1080,700,800,820],type:'standard',justify:'',layout:'fullwidth',mh:\"0\"});if (window.RS_MODULES!==undefined && window.RS_MODULES.modules!==undefined && window.RS_MODULES.modules[\"revslider151\"]!==undefined) {window.RS_MODULES.modules[\"revslider151\"].once = false;window.revapi15 = undefined;if (window.RS_MODULES.checkMinimal!==undefined) window.RS_MODULES.checkMinimal()}\n\t\t\t\t<\/script>\n\t\t\t<\/rs-module-wrap>\n\t\t\t<!-- END REVOLUTION SLIDER -->\n\t\t\t\t<\/div>\n\t\t\t\t<\/div>\n\t\t\t\t\t<\/div>\n\t\t<\/div>\n\t\t\t\t\t<\/div>\n\t\t<\/section>\n\t\t\t\t<section class=\"elementor-section elementor-top-section elementor-element elementor-element-53bae14 elementor-section-boxed elementor-section-height-default elementor-section-height-default\" data-id=\"53bae14\" data-element_type=\"section\">\n\t\t\t\t\t\t<div class=\"elementor-container elementor-column-gap-extended\">\n\t\t\t\t\t<div class=\"elementor-column elementor-col-33 elementor-top-column elementor-element elementor-element-b10b1a3\" data-id=\"b10b1a3\" data-element_type=\"column\">\n\t\t\t<div class=\"elementor-widget-wrap elementor-element-populated\">\n\t\t\t\t\t\t<div class=\"elementor-element elementor-element-d35e34b align-left icon-position-top hover-effect-default elementor-widget elementor-widget-mae-icon-box\" data-id=\"d35e34b\" data-element_type=\"widget\" data-widget_type=\"mae-icon-box.default\">\n\t\t\t\t<div class=\"elementor-widget-container\">\n\t\t\t\t\t        <div class=\"bg-hover\"><\/div>\n        <div class=\"master-icon-box\" >       \n            \n            <div class=\"icon-wrap\"><div class=\"master-icon\"><i aria-hidden=\"true\" class=\"fas fa-hard-hat\"><\/i><\/div><h3 class=\"headline-2\">S\u00e9curit\u00e9<\/h3><\/div>            <div class=\"icon-wrap2\"><div class=\"master-icon\"><i aria-hidden=\"true\" class=\"fas fa-hard-hat\"><\/i><\/div><\/div>\n            <div class=\"text-wrap\">\n                <h3 class=\"headline-2\">S\u00e9curit\u00e9<\/h3><div class=\"desc\">La s\u00e9curit\u00e9 fait partie de nos valeurs fondamentales. Dans toutes nos activit\u00e9s, notre plus grande priorit\u00e9 est d\u2019assurer la s\u00e9curit\u00e9 de nos travailleurs et de nos clients. <br><br><\/div>            <div class=\"url-wrap\">\n                <a class=\"master-link  icon-right\" href=\"https:\/\/theconcretecompany.ca\/fr\/about-us\/\">\n                                        <span>En savoir plus<\/span>\n                    <span class=\"icon fe fe-chevrons-right\"><\/span>                <\/a>\n            <\/div>\n\n                        <\/div>\n        <\/div>\n\n        \t\t\t\t<\/div>\n\t\t\t\t<\/div>\n\t\t\t\t\t<\/div>\n\t\t<\/div>\n\t\t\t\t<div class=\"elementor-column elementor-col-33 elementor-top-column elementor-element elementor-element-6770770\" data-id=\"6770770\" data-element_type=\"column\">\n\t\t\t<div class=\"elementor-widget-wrap elementor-element-populated\">\n\t\t\t\t\t\t<div class=\"elementor-element elementor-element-810a7ce align-left icon-position-top hover-effect-default elementor-widget elementor-widget-mae-icon-box\" data-id=\"810a7ce\" data-element_type=\"widget\" data-widget_type=\"mae-icon-box.default\">\n\t\t\t\t<div class=\"elementor-widget-container\">\n\t\t\t\t\t        <div class=\"bg-hover\"><\/div>\n        <div class=\"master-icon-box\" >       \n            \n            <div class=\"icon-wrap\"><div class=\"master-icon\"><i aria-hidden=\"true\" class=\"qico qico-oil-pump\"><\/i><\/div><h3 class=\"headline-2\">Services<\/h3><\/div>            <div class=\"icon-wrap2\"><div class=\"master-icon\"><i aria-hidden=\"true\" class=\"qico qico-oil-pump\"><\/i><\/div><\/div>\n            <div class=\"text-wrap\">\n                <h3 class=\"headline-2\">Services<\/h3><div class=\"desc\">Nous proposons beaucoup de services diff\u00e9rents, comme l\u2019enl\u00e8vement de b\u00e9ton et l\u2019installation de dalles de b\u00e9ton ou de plateformes ciment\u00e9es. Consultez notre page de services pour en apprendre plus. \n\n<br><br><\/div>            <div class=\"url-wrap\">\n                <a class=\"master-link  icon-right\" href=\"https:\/\/theconcretecompany.ca\/fr\/services\/\">\n                                        <span>Voir les services<\/span>\n                    <span class=\"icon fe fe-chevrons-right\"><\/span>                <\/a>\n            <\/div>\n\n                        <\/div>\n        <\/div>\n\n        \t\t\t\t<\/div>\n\t\t\t\t<\/div>\n\t\t\t\t\t<\/div>\n\t\t<\/div>\n\t\t\t\t<div class=\"elementor-column elementor-col-33 elementor-top-column elementor-element elementor-element-e931227\" data-id=\"e931227\" data-element_type=\"column\">\n\t\t\t<div class=\"elementor-widget-wrap elementor-element-populated\">\n\t\t\t\t\t\t<div class=\"elementor-element elementor-element-effeb00 align-left icon-position-top hover-effect-default elementor-widget elementor-widget-mae-icon-box\" data-id=\"effeb00\" data-element_type=\"widget\" data-widget_type=\"mae-icon-box.default\">\n\t\t\t\t<div class=\"elementor-widget-container\">\n\t\t\t\t\t        <div class=\"bg-hover\"><\/div>\n        <div class=\"master-icon-box\" >       \n            \n            <div class=\"icon-wrap\"><div class=\"master-icon\"><i aria-hidden=\"true\" class=\"qico qico-happy\"><\/i><\/div><h3 class=\"headline-2\">Satisfaction<\/h3><\/div>            <div class=\"icon-wrap2\"><div class=\"master-icon\"><i aria-hidden=\"true\" class=\"qico qico-happy\"><\/i><\/div><\/div>\n            <div class=\"text-wrap\">\n                <h3 class=\"headline-2\">Satisfaction<\/h3><div class=\"desc\">Satisfaction garantie. Communiquez avec nous sur la <a href=\"\/fr\/contact\/\">page de contact<\/a> ou demandez <a href=\"\/fr\/estimate\/\">une estimation<\/a> pour obtenir un prix. <br><br><\/div>            <div class=\"url-wrap\">\n                <a class=\"master-link  icon-right\" href=\"https:\/\/ninzio.com\/quper\/plans\/\">\n                                        <span>Voir les services<\/span>\n                    <span class=\"icon fe fe-chevrons-right\"><\/span>                <\/a>\n            <\/div>\n\n                        <\/div>\n        <\/div>\n\n        \t\t\t\t<\/div>\n\t\t\t\t<\/div>\n\t\t\t\t\t<\/div>\n\t\t<\/div>\n\t\t\t\t\t<\/div>\n\t\t<\/section>\n\t\t\t\t<section class=\"elementor-section elementor-top-section elementor-element elementor-element-33eb945 elementor-section-boxed elementor-section-height-default elementor-section-height-default\" data-id=\"33eb945\" data-element_type=\"section\">\n\t\t\t\t\t\t<div class=\"elementor-container elementor-column-gap-default\">\n\t\t\t\t\t<div class=\"elementor-column elementor-col-100 elementor-top-column elementor-element elementor-element-8b9c449\" data-id=\"8b9c449\" data-element_type=\"column\">\n\t\t\t<div class=\"elementor-widget-wrap elementor-element-populated\">\n\t\t\t\t\t\t<div class=\"elementor-element elementor-element-f1026a9 elementor-widget elementor-widget-spacer\" data-id=\"f1026a9\" data-element_type=\"widget\" data-widget_type=\"spacer.default\">\n\t\t\t\t<div class=\"elementor-widget-container\">\n\t\t\t\t\t\t\t<div class=\"elementor-spacer\">\n\t\t\t<div class=\"elementor-spacer-inner\"><\/div>\n\t\t<\/div>\n\t\t\t\t\t\t<\/div>\n\t\t\t\t<\/div>\n\t\t\t\t<section class=\"elementor-section elementor-inner-section elementor-element elementor-element-8822a5e elementor-reverse-mobile elementor-section-boxed elementor-section-height-default elementor-section-height-default\" data-id=\"8822a5e\" data-element_type=\"section\">\n\t\t\t\t\t\t<div class=\"elementor-container elementor-column-gap-extended\">\n\t\t\t\t\t<div class=\"elementor-column elementor-col-66 elementor-inner-column elementor-element elementor-element-11d486d\" data-id=\"11d486d\" data-element_type=\"column\">\n\t\t\t<div class=\"elementor-widget-wrap elementor-element-populated\">\n\t\t\t\t\t\t<div class=\"elementor-element elementor-element-e986691 elementor-hidden-mobile elementor-widget elementor-widget-mae-parallax-image\" data-id=\"e986691\" data-element_type=\"widget\" data-widget_type=\"mae-parallax-image.default\">\n\t\t\t\t<div class=\"elementor-widget-container\">\n\t\t\t\t\t\t\t<div class=\"master-parallax-box\">\n\t\t\t<div class=\"parallax-wrap\">\n\t\t\t\t\t\t\t\t\t<div class=\"master-parallax-item elementor-repeater-item-b599a5c\" style=\"\" data-parallax='{\"x\" : 0, \"y\" : 0, \"smoothness\" : 0}' data-top=\"58%\" data-top-tablet=\"\" data-top-mobile=\"50%\"><img decoding=\"async\" src=\"https:\/\/ninzio.com\/quper\/wp-content\/uploads\/2020\/09\/h1-a3.png\" alt=\"\"><\/div>\t\t\t\t\t\t\t\t\t<div class=\"master-parallax-item elementor-repeater-item-3186ab9\" style=\"\" data-parallax='{\"x\" : 0, \"y\" : 0, \"smoothness\" : 30}' data-top=\"\" data-top-tablet=\"\" data-top-mobile=\"\"><img decoding=\"async\" src=\"https:\/\/theconcretecompany.ca\/wp-content\/uploads\/2023\/03\/admin-ajax.png\" alt=\"\"><\/div>\t\t\t\t\t\t\t\t\t<div class=\"master-parallax-item elementor-repeater-item-63dfbd0\" style=\"\" data-parallax='{\"x\" : 0, \"y\" : -40, \"smoothness\" : 20}' data-top=\"80px\" data-top-tablet=\"\" data-top-mobile=\"\"><img decoding=\"async\" src=\"https:\/\/theconcretecompany.ca\/wp-content\/uploads\/2023\/03\/scott-blake-keHNwiEsJQs-unsplash-scaled.jpg\" alt=\"\"><\/div>\t\t\t\t\t\t\t<\/div>\n\t\t<\/div>\n\t    \t\t\t\t<\/div>\n\t\t\t\t<\/div>\n\t\t\t\t\t<\/div>\n\t\t<\/div>\n\t\t\t\t<div class=\"elementor-column elementor-col-33 elementor-inner-column elementor-element elementor-element-33e7051\" data-id=\"33e7051\" data-element_type=\"column\">\n\t\t\t<div class=\"elementor-widget-wrap elementor-element-populated\">\n\t\t\t\t\t\t<div class=\"elementor-element elementor-element-cfc9049 align-left elementor-widget elementor-widget-mae-headings\" data-id=\"cfc9049\" data-element_type=\"widget\" data-widget_type=\"mae-headings.default\">\n\t\t\t\t<div class=\"elementor-widget-container\">\n\t\t\t\t\t\t\t<div class=\"master-heading\">\n\t        \t            <div class=\"pre-heading\">QUELQUES MOTS SUR NOUS<\/div>\n\t        \n\t        \t        <h2 class=\"main-heading\">La solution b\u00e9ton pour tous vos besoins en construction<\/h2>\n\t        \n\t        \n\t        \t            <div class=\"sub-heading\">Notre mot d\u2019ordre : du b\u00e9tonnage de qualit\u00e9. Nous nous occupons de tout ce qui touche au b\u00e9ton et nous le faisons bien.<\/div>\n\t        \t    <\/div>\n\t    \t\t\t\t<\/div>\n\t\t\t\t<\/div>\n\t\t\t\t\t<\/div>\n\t\t<\/div>\n\t\t\t\t\t<\/div>\n\t\t<\/section>\n\t\t\t\t<div class=\"elementor-element elementor-element-4ef14a6 align-right elementor-widget elementor-widget-mae-link\" data-id=\"4ef14a6\" data-element_type=\"widget\" data-widget_type=\"mae-link.default\">\n\t\t\t\t<div class=\"elementor-widget-container\">\n\t\t\t\t\t\n        <a class=\"master-link  icon-none\" href=\"\/fr\/about-us\/\" >\n                        <span>En apprendre plus<\/span>\n                    <\/a>\n\n        \t\t\t\t<\/div>\n\t\t\t\t<\/div>\n\t\t\t\t<div class=\"elementor-element elementor-element-1374cb2 elementor-widget elementor-widget-spacer\" data-id=\"1374cb2\" data-element_type=\"widget\" data-widget_type=\"spacer.default\">\n\t\t\t\t<div class=\"elementor-widget-container\">\n\t\t\t\t\t\t\t<div class=\"elementor-spacer\">\n\t\t\t<div class=\"elementor-spacer-inner\"><\/div>\n\t\t<\/div>\n\t\t\t\t\t\t<\/div>\n\t\t\t\t<\/div>\n\t\t\t\t<section class=\"elementor-section elementor-inner-section elementor-element elementor-element-26cb0ef elementor-section-content-bottom elementor-section-boxed elementor-section-height-default elementor-section-height-default\" data-id=\"26cb0ef\" data-element_type=\"section\">\n\t\t\t\t\t\t<div class=\"elementor-container elementor-column-gap-extended\">\n\t\t\t\t\t<div class=\"elementor-column elementor-col-50 elementor-inner-column elementor-element elementor-element-c39b9be\" data-id=\"c39b9be\" data-element_type=\"column\">\n\t\t\t<div class=\"elementor-widget-wrap elementor-element-populated\">\n\t\t\t\t\t\t<div class=\"elementor-element elementor-element-1e7611f align-left elementor-widget elementor-widget-mae-headings\" data-id=\"1e7611f\" data-element_type=\"widget\" data-widget_type=\"mae-headings.default\">\n\t\t\t\t<div class=\"elementor-widget-container\">\n\t\t\t\t\t\t\t<div class=\"master-heading\">\n\t        \t            <div class=\"pre-heading\">SERVICES<\/div>\n\t        \n\t        \t        <h2 class=\"main-heading\">Nous proposons une grande vari\u00e9t\u00e9 de services.<\/h2>\n\t        \n\t        \n\t        \t            <div class=\"sub-heading\">D\u00e9couvrez tous nos services sur la page des services. Si le service dont vous avez besoin ne s\u2019y trouve pas, communiquez avec nous sur la <a href=\"\/fr\/contact\/\">page de contact<\/a> and get ahold of us. <\/div>\n\t        \t    <\/div>\n\t    \t\t\t\t<\/div>\n\t\t\t\t<\/div>\n\t\t\t\t<div class=\"elementor-element elementor-element-4dfa8e7 elementor-widget elementor-widget-spacer\" data-id=\"4dfa8e7\" data-element_type=\"widget\" data-widget_type=\"spacer.default\">\n\t\t\t\t<div class=\"elementor-widget-container\">\n\t\t\t\t\t\t\t<div class=\"elementor-spacer\">\n\t\t\t<div class=\"elementor-spacer-inner\"><\/div>\n\t\t<\/div>\n\t\t\t\t\t\t<\/div>\n\t\t\t\t<\/div>\n\t\t\t\t\t<\/div>\n\t\t<\/div>\n\t\t\t\t<div class=\"elementor-column elementor-col-50 elementor-inner-column elementor-element elementor-element-1bbcb80\" data-id=\"1bbcb80\" data-element_type=\"column\">\n\t\t\t<div class=\"elementor-widget-wrap elementor-element-populated\">\n\t\t\t\t\t\t<div class=\"elementor-element elementor-element-69869ec elementor-widget elementor-widget-image\" data-id=\"69869ec\" data-element_type=\"widget\" data-widget_type=\"image.default\">\n\t\t\t\t<div class=\"elementor-widget-container\">\n\t\t\t\t\t\t\t\t\t\t\t\t\t\t\t<img decoding=\"async\" width=\"1024\" height=\"683\" src=\"https:\/\/theconcretecompany.ca\/wp-content\/uploads\/2025\/04\/duraform-1024x683.jpg\" class=\"attachment-large size-large wp-image-13466\" alt=\"\" srcset=\"\" sizes=\"(max-width: 1024px) 100vw, 1024px\" data-srcset=\"\" \/>\t\t\t\t\t\t\t\t\t\t\t\t\t\t\t<\/div>\n\t\t\t\t<\/div>\n\t\t\t\t\t<\/div>\n\t\t<\/div>\n\t\t\t\t\t<\/div>\n\t\t<\/section>\n\t\t\t\t<div class=\"elementor-element elementor-element-c1ecda9 elementor-widget elementor-widget-spacer\" data-id=\"c1ecda9\" data-element_type=\"widget\" data-widget_type=\"spacer.default\">\n\t\t\t\t<div class=\"elementor-widget-container\">\n\t\t\t\t\t\t\t<div class=\"elementor-spacer\">\n\t\t\t<div class=\"elementor-spacer-inner\"><\/div>\n\t\t<\/div>\n\t\t\t\t\t\t<\/div>\n\t\t\t\t<\/div>\n\t\t\t\t<section class=\"elementor-section elementor-inner-section elementor-element elementor-element-2a045d9 elementor-section-boxed elementor-section-height-default elementor-section-height-default\" data-id=\"2a045d9\" data-element_type=\"section\" data-settings=\"{&quot;background_background&quot;:&quot;classic&quot;}\">\n\t\t\t\t\t\t<div class=\"elementor-container elementor-column-gap-default\">\n\t\t\t\t\t<div class=\"elementor-column elementor-col-50 elementor-inner-column elementor-element elementor-element-19013b9\" data-id=\"19013b9\" data-element_type=\"column\">\n\t\t\t<div class=\"elementor-widget-wrap elementor-element-populated\">\n\t\t\t\t\t\t<div class=\"elementor-element elementor-element-c69c23e align-left elementor-widget elementor-widget-mae-headings\" data-id=\"c69c23e\" data-element_type=\"widget\" data-widget_type=\"mae-headings.default\">\n\t\t\t\t<div class=\"elementor-widget-container\">\n\t\t\t\t\t\t\t<div class=\"master-heading\">\n\t        \n\t        \t        <h2 class=\"main-heading\">Nouveau projet? Besoin de professionnels? Obtenez une estimation gratuite en cliquant sur le bouton ci-contre.<\/h2>\n\t        \n\t        \n\t        \t    <\/div>\n\t    \t\t\t\t<\/div>\n\t\t\t\t<\/div>\n\t\t\t\t\t<\/div>\n\t\t<\/div>\n\t\t\t\t<div class=\"elementor-column elementor-col-50 elementor-inner-column elementor-element elementor-element-795c194\" data-id=\"795c194\" data-element_type=\"column\">\n\t\t\t<div class=\"elementor-widget-wrap elementor-element-populated\">\n\t\t\t\t\t\t<div class=\"elementor-element elementor-element-ca6b82e align-right align--mobileleft elementor-widget elementor-widget-mae-button\" data-id=\"ca6b82e\" data-element_type=\"widget\" data-widget_type=\"mae-button.default\">\n\t\t\t\t<div class=\"elementor-widget-container\">\n\t\t\t\t\t\n        <a class=\"master-button btn-dark icon-none medium\" href=\"\/fr\/quote\/\" >\n                        <span>Demander un devis<\/span>\n                    <\/a>\n\n        \t\t\t\t<\/div>\n\t\t\t\t<\/div>\n\t\t\t\t\t<\/div>\n\t\t<\/div>\n\t\t\t\t\t<\/div>\n\t\t<\/section>\n\t\t\t\t\t<\/div>\n\t\t<\/div>\n\t\t\t\t\t<\/div>\n\t\t<\/section>\n\t\t\t\t<section class=\"elementor-section elementor-top-section elementor-element elementor-element-86924e5 elementor-section-boxed elementor-section-height-default elementor-section-height-default\" data-id=\"86924e5\" data-element_type=\"section\">\n\t\t\t\t\t\t<div class=\"elementor-container elementor-column-gap-default\">\n\t\t\t\t\t<div class=\"elementor-column elementor-col-100 elementor-top-column elementor-element elementor-element-a84d89d\" data-id=\"a84d89d\" data-element_type=\"column\">\n\t\t\t<div class=\"elementor-widget-wrap elementor-element-populated\">\n\t\t\t\t\t\t<div class=\"elementor-element elementor-element-bd1a66e elementor-widget elementor-widget-spacer\" data-id=\"bd1a66e\" data-element_type=\"widget\" data-widget_type=\"spacer.default\">\n\t\t\t\t<div class=\"elementor-widget-container\">\n\t\t\t\t\t\t\t<div class=\"elementor-spacer\">\n\t\t\t<div class=\"elementor-spacer-inner\"><\/div>\n\t\t<\/div>\n\t\t\t\t\t\t<\/div>\n\t\t\t\t<\/div>\n\t\t\t\t\t<\/div>\n\t\t<\/div>\n\t\t\t\t\t<\/div>\n\t\t<\/section>\n\t\t\t\t<section class=\"elementor-section elementor-top-section elementor-element elementor-element-635c332 elementor-section-boxed elementor-section-height-default elementor-section-height-default\" data-id=\"635c332\" data-element_type=\"section\">\n\t\t\t\t\t\t<div class=\"elementor-container elementor-column-gap-default\">\n\t\t\t\t\t<div class=\"elementor-column elementor-col-100 elementor-top-column elementor-element elementor-element-00c0d6b\" data-id=\"00c0d6b\" data-element_type=\"column\">\n\t\t\t<div class=\"elementor-widget-wrap\">\n\t\t\t\t\t\t\t<\/div>\n\t\t<\/div>\n\t\t\t\t\t<\/div>\n\t\t<\/section>\n\t\t\t\t<\/div>","protected":false},"excerpt":{"rendered":"<p>Safety Safety Safety is built into our core values. Everything we do, has our workers, and our clients safety as our #1 priority. Learn about us Service Service We offer many different services, from removal, to concrete slabs and pads. Check out our service page to learn more about our<\/p>","protected":false},"author":1,"featured_media":0,"parent":0,"menu_order":34,"comment_status":"closed","ping_status":"closed","template":"","meta":{"footnotes":""},"folder":[],"class_list":["post-2338","page","type-page","status-publish","hentry"],"aioseo_notices":[],"_links":{"self":[{"href":"https:\/\/theconcretecompany.ca\/fr\/wp-json\/wp\/v2\/pages\/2338","targetHints":{"allow":["GET"]}}],"collection":[{"href":"https:\/\/theconcretecompany.ca\/fr\/wp-json\/wp\/v2\/pages"}],"about":[{"href":"https:\/\/theconcretecompany.ca\/fr\/wp-json\/wp\/v2\/types\/page"}],"author":[{"embeddable":true,"href":"https:\/\/theconcretecompany.ca\/fr\/wp-json\/wp\/v2\/users\/1"}],"replies":[{"embeddable":true,"href":"https:\/\/theconcretecompany.ca\/fr\/wp-json\/wp\/v2\/comments?post=2338"}],"version-history":[{"count":10,"href":"https:\/\/theconcretecompany.ca\/fr\/wp-json\/wp\/v2\/pages\/2338\/revisions"}],"predecessor-version":[{"id":13469,"href":"https:\/\/theconcretecompany.ca\/fr\/wp-json\/wp\/v2\/pages\/2338\/revisions\/13469"}],"wp:attachment":[{"href":"https:\/\/theconcretecompany.ca\/fr\/wp-json\/wp\/v2\/media?parent=2338"}],"wp:term":[{"taxonomy":"folder","embeddable":true,"href":"https:\/\/theconcretecompany.ca\/fr\/wp-json\/wp\/v2\/folder?post=2338"}],"curies":[{"name":"wp","href":"https:\/\/api.w.org\/{rel}","templated":true}]}}